{"id":1079,"date":"2018-03-03T16:56:53","date_gmt":"2018-03-03T16:56:53","guid":{"rendered":"https:\/\/adeoq.com\/?page_id=1079"},"modified":"2025-10-28T03:13:51","modified_gmt":"2025-10-28T03:13:51","slug":"roles-et-coordonnees-des-vprt","status":"publish","type":"page","link":"https:\/\/adeoq.com\/?page_id=1079","title":{"rendered":"R\u00f4les et coordonn\u00e9es des VPRT"},"content":{"rendered":"<p><u>R\u00f4le\u00a0<\/u>:<\/p>\n<p>En collaboration avec votre coordonnateur d\u2019unit\u00e9, nous allons ensemble assurer une vigie dans nos relations de travail et soutenir les membres qui en ont besoin.<\/p>\n<p>Nous sommes les premiers intervenants pour r\u00e9pondre aux questions des membres en \u00e9troite collaboration avec la FQDE.<\/p>\n<p><u>C<\/u><u>oordonn\u00e9es<\/u> : Pour toutes questions, soutien ou autre, n\u2019h\u00e9sitez pas.<\/p>\n<p><strong>Natalie Bertrand, 1<sup>i\u00e8re<\/sup> vice-pr\u00e9sidence aux relations de travail<\/strong><\/p>\n<p>T\u00e9l\u00e9phone au travail :\u00a0\u00a0\u00a0\u00a0\u00a0\u00a0 819-568-0844<\/p>\n<p>Cellulaire :\u00a0 \u00a0 \u00a0 \u00a0 \u00a0 \u00a0 \u00a0 \u00a0 \u00a0 \u00a0 \u00a0 \u00a0 \u00a0 \u00a0819-210-3740<\/p>\n<p>Courriel :\u00a0\u00a0\u00a0\u00a0\u00a0\u00a0\u00a0\u00a0\u00a0\u00a0\u00a0\u00a0\u00a0\u00a0\u00a0\u00a0\u00a0\u00a0\u00a0\u00a0\u00a0\u00a0\u00a0\u00a0\u00a0\u00a0\u00a0\u00a0 <a href=\"mailto:nbertrand@cssd.gouv.qc.ca\">nbertrand@cssd.gouv.qc.ca<\/a><\/p>\n","protected":false},"excerpt":{"rendered":"<p>R\u00f4le\u00a0: En collaboration avec votre coordonnateur d\u2019unit\u00e9, nous allons ensemble assurer une vigie dans nos relations de travail et soutenir les membres qui en ont besoin. Nous sommes les premiers intervenants pour r\u00e9pondre aux questions des membres en \u00e9troite collaboration avec la FQDE. Coordonn\u00e9es : Pour toutes questions, soutien ou autre, n\u2019h\u00e9sitez pas. Natalie Bertrand, [&hellip;]<\/p>\n","protected":false},"author":2,"featured_media":0,"parent":0,"menu_order":0,"comment_status":"closed","ping_status":"closed","template":"","meta":{"_et_pb_use_builder":"","_et_pb_old_content":"","_et_gb_content_width":"","footnotes":""},"class_list":["post-1079","page","type-page","status-publish","hentry"],"_links":{"self":[{"href":"https:\/\/adeoq.com\/index.php?rest_route=\/wp\/v2\/pages\/1079","targetHints":{"allow":["GET"]}}],"collection":[{"href":"https:\/\/adeoq.com\/index.php?rest_route=\/wp\/v2\/pages"}],"about":[{"href":"https:\/\/adeoq.com\/index.php?rest_route=\/wp\/v2\/types\/page"}],"author":[{"embeddable":true,"href":"https:\/\/adeoq.com\/index.php?rest_route=\/wp\/v2\/users\/2"}],"replies":[{"embeddable":true,"href":"https:\/\/adeoq.com\/index.php?rest_route=%2Fwp%2Fv2%2Fcomments&post=1079"}],"version-history":[{"count":8,"href":"https:\/\/adeoq.com\/index.php?rest_route=\/wp\/v2\/pages\/1079\/revisions"}],"predecessor-version":[{"id":2411,"href":"https:\/\/adeoq.com\/index.php?rest_route=\/wp\/v2\/pages\/1079\/revisions\/2411"}],"wp:attachment":[{"href":"https:\/\/adeoq.com\/index.php?rest_route=%2Fwp%2Fv2%2Fmedia&parent=1079"}],"curies":[{"name":"wp","href":"https:\/\/api.w.org\/{rel}","templated":true}]}}