{"id":1081,"date":"2018-03-03T17:02:29","date_gmt":"2018-03-03T17:02:29","guid":{"rendered":"https:\/\/adeoq.com\/?page_id=1081"},"modified":"2018-03-03T17:02:29","modified_gmt":"2018-03-03T17:02:29","slug":"conseil-important","status":"publish","type":"page","link":"https:\/\/adeoq.com\/?page_id=1081","title":{"rendered":"Conseil important"},"content":{"rendered":"<p>Pour tout conseil, avis, information, etc, nous sommes l\u00e0.<\/p>\n<p>En toute situation, ne prenez aucune d\u00e9cision regrettable avant de nous avoir parl\u00e9. Il y a toujours des solutions \u00e0 toutes probl\u00e9matiques, quelles qu\u2019elles soient\u2026<\/p>\n","protected":false},"excerpt":{"rendered":"<p>Pour tout conseil, avis, information, etc, nous sommes l\u00e0. En toute situation, ne prenez aucune d\u00e9cision regrettable avant de nous avoir parl\u00e9. Il y a toujours des solutions \u00e0 toutes probl\u00e9matiques, quelles qu\u2019elles soient\u2026<\/p>\n","protected":false},"author":2,"featured_media":0,"parent":0,"menu_order":0,"comment_status":"closed","ping_status":"closed","template":"","meta":{"_et_pb_use_builder":"","_et_pb_old_content":"","_et_gb_content_width":"","footnotes":""},"class_list":["post-1081","page","type-page","status-publish","hentry"],"_links":{"self":[{"href":"https:\/\/adeoq.com\/index.php?rest_route=\/wp\/v2\/pages\/1081","targetHints":{"allow":["GET"]}}],"collection":[{"href":"https:\/\/adeoq.com\/index.php?rest_route=\/wp\/v2\/pages"}],"about":[{"href":"https:\/\/adeoq.com\/index.php?rest_route=\/wp\/v2\/types\/page"}],"author":[{"embeddable":true,"href":"https:\/\/adeoq.com\/index.php?rest_route=\/wp\/v2\/users\/2"}],"replies":[{"embeddable":true,"href":"https:\/\/adeoq.com\/index.php?rest_route=%2Fwp%2Fv2%2Fcomments&post=1081"}],"version-history":[{"count":1,"href":"https:\/\/adeoq.com\/index.php?rest_route=\/wp\/v2\/pages\/1081\/revisions"}],"predecessor-version":[{"id":1082,"href":"https:\/\/adeoq.com\/index.php?rest_route=\/wp\/v2\/pages\/1081\/revisions\/1082"}],"wp:attachment":[{"href":"https:\/\/adeoq.com\/index.php?rest_route=%2Fwp%2Fv2%2Fmedia&parent=1081"}],"curies":[{"name":"wp","href":"https:\/\/api.w.org\/{rel}","templated":true}]}}