{"id":1138,"date":"2018-04-16T16:50:18","date_gmt":"2018-04-16T16:50:18","guid":{"rendered":"https:\/\/adeoq.com\/?page_id=1138"},"modified":"2021-03-27T02:24:07","modified_gmt":"2021-03-27T02:24:07","slug":"expo-science","status":"publish","type":"page","link":"https:\/\/adeoq.com\/?page_id=1138","title":{"rendered":"Expo-science"},"content":{"rendered":"<p>&nbsp;<\/p>\n<p><strong><u>Remise de prix \u00e0 la finale r\u00e9gionale de l\u2019Outaouais de l\u2019Expo-sciences Hydro-Qu\u00e9bec qui a eu lieu virtuellement le dimanche 21 mars 2021.<\/u><\/strong><\/p>\n<p>L\u2019ADEOQ, repr\u00e9sent\u00e9e par M\u00e9lanie Charette, Responsable aux communications, a offert une bourse de 150 $ \u00e0 un projet junior, interm\u00e9diaire ou senior d\u2019une \u00e9cole publique, toutes classes ou toutes cat\u00e9gories confondues.<\/p>\n<p>F\u00e9licitations \u00e0 Laurianne Chartrand-Bongono de l\u2019\u00e9cole secondaire Grande-Rivi\u00e8re qui s\u2019est m\u00e9rit\u00e9e cette bourse pour son projet \u00abLe cerveau\u00bb.<\/p>\n<p><a href=\"https:\/\/adeoq.com\/wp-content\/uploads\/2018\/04\/expo-science.jpg\">\u00a0<\/a><\/p>\n","protected":false},"excerpt":{"rendered":"<p>&nbsp; Remise de prix \u00e0 la finale r\u00e9gionale de l\u2019Outaouais de l\u2019Expo-sciences Hydro-Qu\u00e9bec qui a eu lieu virtuellement le dimanche 21 mars 2021. L\u2019ADEOQ, repr\u00e9sent\u00e9e par M\u00e9lanie Charette, Responsable aux communications, a offert une bourse de 150 $ \u00e0 un projet junior, interm\u00e9diaire ou senior d\u2019une \u00e9cole publique, toutes classes ou toutes cat\u00e9gories confondues. F\u00e9licitations [&hellip;]<\/p>\n","protected":false},"author":2,"featured_media":0,"parent":0,"menu_order":0,"comment_status":"closed","ping_status":"closed","template":"","meta":{"_et_pb_use_builder":"","_et_pb_old_content":"","_et_gb_content_width":"","footnotes":""},"class_list":["post-1138","page","type-page","status-publish","hentry"],"_links":{"self":[{"href":"https:\/\/adeoq.com\/index.php?rest_route=\/wp\/v2\/pages\/1138","targetHints":{"allow":["GET"]}}],"collection":[{"href":"https:\/\/adeoq.com\/index.php?rest_route=\/wp\/v2\/pages"}],"about":[{"href":"https:\/\/adeoq.com\/index.php?rest_route=\/wp\/v2\/types\/page"}],"author":[{"embeddable":true,"href":"https:\/\/adeoq.com\/index.php?rest_route=\/wp\/v2\/users\/2"}],"replies":[{"embeddable":true,"href":"https:\/\/adeoq.com\/index.php?rest_route=%2Fwp%2Fv2%2Fcomments&post=1138"}],"version-history":[{"count":6,"href":"https:\/\/adeoq.com\/index.php?rest_route=\/wp\/v2\/pages\/1138\/revisions"}],"predecessor-version":[{"id":1690,"href":"https:\/\/adeoq.com\/index.php?rest_route=\/wp\/v2\/pages\/1138\/revisions\/1690"}],"wp:attachment":[{"href":"https:\/\/adeoq.com\/index.php?rest_route=%2Fwp%2Fv2%2Fmedia&parent=1138"}],"curies":[{"name":"wp","href":"https:\/\/api.w.org\/{rel}","templated":true}]}}