{"id":1331,"date":"2018-12-07T03:20:26","date_gmt":"2018-12-07T03:20:26","guid":{"rendered":"https:\/\/adeoq.com\/?page_id=1331"},"modified":"2023-01-21T04:14:29","modified_gmt":"2023-01-21T04:14:29","slug":"accueil-des-nouveaux-membres","status":"publish","type":"page","link":"https:\/\/adeoq.com\/?page_id=1331","title":{"rendered":"Accueil des nouveaux membres"},"content":{"rendered":"<h2><span style=\"color: #000000; font-family: Calibri;\">Le 13 octobre dernier, les nouvelles directions \u00e9taient invit\u00e9es \u00e0 la soir\u00e9e d&rsquo;accueil de l&rsquo;ADEOQ. 22 nouvelles directions des quatre centres scolaires ont pu mieux comprendre le r\u00f4le de leur association qui les soutient dans leurs fonctions.<\/span><\/h2>\n<h2><span style=\"color: #000000; font-family: Calibri;\">Bon succ\u00e8s \u00e0 vous!<\/span><\/h2>\n","protected":false},"excerpt":{"rendered":"<p>Le 13 octobre dernier, les nouvelles directions \u00e9taient invit\u00e9es \u00e0 la soir\u00e9e d&rsquo;accueil de l&rsquo;ADEOQ. 22 nouvelles directions des quatre centres scolaires ont pu mieux comprendre le r\u00f4le de leur association qui les soutient dans leurs fonctions. Bon succ\u00e8s \u00e0 vous!<\/p>\n","protected":false},"author":2,"featured_media":0,"parent":0,"menu_order":0,"comment_status":"closed","ping_status":"closed","template":"","meta":{"_et_pb_use_builder":"","_et_pb_old_content":"","_et_gb_content_width":"","footnotes":""},"class_list":["post-1331","page","type-page","status-publish","hentry"],"_links":{"self":[{"href":"https:\/\/adeoq.com\/index.php?rest_route=\/wp\/v2\/pages\/1331","targetHints":{"allow":["GET"]}}],"collection":[{"href":"https:\/\/adeoq.com\/index.php?rest_route=\/wp\/v2\/pages"}],"about":[{"href":"https:\/\/adeoq.com\/index.php?rest_route=\/wp\/v2\/types\/page"}],"author":[{"embeddable":true,"href":"https:\/\/adeoq.com\/index.php?rest_route=\/wp\/v2\/users\/2"}],"replies":[{"embeddable":true,"href":"https:\/\/adeoq.com\/index.php?rest_route=%2Fwp%2Fv2%2Fcomments&post=1331"}],"version-history":[{"count":7,"href":"https:\/\/adeoq.com\/index.php?rest_route=\/wp\/v2\/pages\/1331\/revisions"}],"predecessor-version":[{"id":1873,"href":"https:\/\/adeoq.com\/index.php?rest_route=\/wp\/v2\/pages\/1331\/revisions\/1873"}],"wp:attachment":[{"href":"https:\/\/adeoq.com\/index.php?rest_route=%2Fwp%2Fv2%2Fmedia&parent=1331"}],"curies":[{"name":"wp","href":"https:\/\/api.w.org\/{rel}","templated":true}]}}