{"id":161,"date":"2014-11-19T20:30:28","date_gmt":"2014-11-19T20:30:28","guid":{"rendered":"https:\/\/adeoq.com\/\/?page_id=161"},"modified":"2026-03-02T13:57:07","modified_gmt":"2026-03-02T13:57:07","slug":"proces-verbaux","status":"publish","type":"page","link":"https:\/\/adeoq.com\/?page_id=161","title":{"rendered":"Proc\u00e8s-verbaux"},"content":{"rendered":"<p>2025-2026<\/p>\n<p><a href=\"https:\/\/adeoq.com\/wp-content\/uploads\/2025\/10\/PV-23-septembre-2025.pdf\" class=\"mtli_attachment mtli_pdf\">23 septembre 2025<\/a><\/p>\n<p><a href=\"https:\/\/adeoq.com\/wp-content\/uploads\/2026\/01\/PV-16-octobre-2025-CA-ADEOQ.pdf\" class=\"mtli_attachment mtli_pdf\">16 octobre 2025<\/a><\/p>\n<p><a href=\"https:\/\/adeoq.com\/wp-content\/uploads\/2026\/03\/3.-PV-11-decembre-2025.pdf\" class=\"mtli_attachment mtli_pdf\">11 d\u00e9cembre 2025<\/a><\/p>\n<p>2024-2025<\/p>\n<p><a href=\"https:\/\/adeoq.com\/wp-content\/uploads\/2024\/11\/PV-16-septembre-2024.pdf\" class=\"mtli_attachment mtli_pdf\">16 septembre 2024<\/a><\/p>\n<p><a href=\"https:\/\/adeoq.com\/wp-content\/uploads\/2025\/01\/ADEOQ-17-octobre-PV.pdf\" class=\"mtli_attachment mtli_pdf\">17 octobre 2024<\/a><\/p>\n<p><a href=\"https:\/\/adeoq.com\/wp-content\/uploads\/2025\/02\/PV-12-decembre-2024-ADEOQ.pdf\" class=\"mtli_attachment mtli_pdf\">12 d\u00e9cembre 2024<\/a><\/p>\n<p><a href=\"https:\/\/adeoq.com\/wp-content\/uploads\/2025\/07\/ADEOQ-PV-27-fevrier-2025-1.pdf\" class=\"mtli_attachment mtli_pdf\">27 f\u00e9vrier 2025<\/a><\/p>\n<p><a href=\"https:\/\/adeoq.com\/wp-content\/uploads\/2025\/08\/PV-10-avril-2025.pdf\" class=\"mtli_attachment mtli_pdf\">10 avril 2025<\/a><\/p>\n<p><a href=\"https:\/\/adeoq.com\/wp-content\/uploads\/2025\/09\/PV-12-juin-2025.pdf\" class=\"mtli_attachment mtli_pdf\">12 juin 2025<\/a><\/p>\n<p>2023-2024<\/p>\n<p><a href=\"https:\/\/adeoq.com\/wp-content\/uploads\/2024\/05\/PV-1er-septembre-2023-ADEOQ.pdf\" class=\"mtli_attachment mtli_pdf\">1er septembre 2023<\/a><\/p>\n<p><a href=\"https:\/\/adeoq.com\/wp-content\/uploads\/2024\/05\/Proces-verbal-du-26-octobre-2023-ADEOQ.pdf\" class=\"mtli_attachment mtli_pdf\">26 octobre 2023 <\/a><\/p>\n<p><a href=\"https:\/\/adeoq.com\/wp-content\/uploads\/2024\/05\/PV-15-decembre-ADEOQ.pdf\" class=\"mtli_attachment mtli_pdf\">15 d\u00e9cembre 2023<\/a><\/p>\n<p><a href=\"https:\/\/adeoq.com\/wp-content\/uploads\/2024\/05\/PV-22-fevrier-2024-ADEOQ.pdf\" class=\"mtli_attachment mtli_pdf\">22 f\u00e9vrier 2024<\/a><\/p>\n<p><a href=\"https:\/\/adeoq.com\/wp-content\/uploads\/2024\/11\/PV-ADEOQ-1-mai-2024.pdf\" class=\"mtli_attachment mtli_pdf\">1 mai 2024<\/a><\/p>\n<p><a href=\"https:\/\/adeoq.com\/wp-content\/uploads\/2024\/11\/PV-10-juin-2024.pdf\" class=\"mtli_attachment mtli_pdf\">10 juin 2024<\/a><\/p>\n<p>2022-2023<\/p>\n<p><a href=\"https:\/\/adeoq.com\/wp-content\/uploads\/2014\/11\/PV-ao\u00fbt-2022-ADEOQ.pdf\" class=\"mtli_attachment mtli_pdf\">18 ao\u00fbt 2022<\/a><\/p>\n<p><a href=\"https:\/\/adeoq.com\/wp-content\/uploads\/2014\/11\/Proc\u00e8s-verbal-13-octobre-2022.pdf\" class=\"mtli_attachment mtli_pdf\">13 octobre 2022<\/a><\/p>\n<p><a href=\"https:\/\/adeoq.com\/wp-content\/uploads\/2014\/11\/Proc\u00e8s-verbal-8-d\u00e9cembre-2022.pdf\" class=\"mtli_attachment mtli_pdf\">8 d\u00e9cembre 2022<\/a><\/p>\n<p><a href=\"https:\/\/adeoq.com\/wp-content\/uploads\/2014\/11\/PV-23-f\u00e9vrier.pdf\" class=\"mtli_attachment mtli_pdf\">23 f\u00e9vrier 2023<\/a><\/p>\n<p><a href=\"https:\/\/adeoq.com\/wp-content\/uploads\/2014\/11\/ADEOQ-Proc\u00e8s-verbal-27-avril-2023-bonne-version.pdf\" class=\"mtli_attachment mtli_pdf\">27 avril 2023<\/a><\/p>\n<p><a href=\"https:\/\/adeoq.com\/wp-content\/uploads\/2024\/05\/PV-15-juin-2023.pdf\" class=\"mtli_attachment mtli_pdf\">15 juin 2023<\/a><\/p>\n<p>2021-2022<\/p>\n<p><a href=\"https:\/\/adeoq.com\/wp-content\/uploads\/2014\/11\/PV-19-ao\u00fbt-2021.pdf\" class=\"mtli_attachment mtli_pdf\">19 ao\u00fbt 2021<\/a><\/p>\n<p><a href=\"https:\/\/adeoq.com\/wp-content\/uploads\/2014\/11\/PV-14-octobre-2021.pdf\" class=\"mtli_attachment mtli_pdf\">14 octobre 2021<\/a><\/p>\n<p><a href=\"https:\/\/adeoq.com\/wp-content\/uploads\/2014\/11\/PV-ADEOQ-9-d\u00e9cembre-2021.pdf\" class=\"mtli_attachment mtli_pdf\">9 d\u00e9cembre 2021<\/a><\/p>\n<p><a href=\"https:\/\/adeoq.com\/wp-content\/uploads\/2014\/11\/PV-10-f\u00e9vrier-2022.pdf\" class=\"mtli_attachment mtli_pdf\">10 f\u00e9vrier 2022<\/a><\/p>\n<p><a href=\"https:\/\/adeoq.com\/wp-content\/uploads\/2014\/11\/PV-20-avril-2022-ADEOQ.pdf\" class=\"mtli_attachment mtli_pdf\">20 avril 2022 <\/a><\/p>\n<p><a href=\"https:\/\/adeoq.com\/wp-content\/uploads\/2014\/11\/PV-9-juin-2022-ADEOQ.pdf\" class=\"mtli_attachment mtli_pdf\">9 juin 2022<\/a><\/p>\n<p>2020-2021<\/p>\n<p><a href=\"https:\/\/adeoq.com\/wp-content\/uploads\/2014\/11\/PV-18-septembre-ADEOQ.pdf\" class=\"mtli_attachment mtli_pdf\">18 septembre 2020<\/a><\/p>\n<p><a href=\"https:\/\/adeoq.com\/wp-content\/uploads\/2014\/11\/PV-8-octobre-2020.pdf\" class=\"mtli_attachment mtli_pdf\">8 octobre 2020<\/a><\/p>\n<p><a href=\"https:\/\/adeoq.com\/wp-content\/uploads\/2014\/11\/PV-10-d\u00e9cembre-2020.pdf\" class=\"mtli_attachment mtli_pdf\">10 d\u00e9cembre 2020<\/a><\/p>\n<p><a href=\"https:\/\/adeoq.com\/wp-content\/uploads\/2014\/11\/PV-11-f\u00e9vrier-2021-ADEOQ.pdf\" class=\"mtli_attachment mtli_pdf\">11 f\u00e9vrier 2021<\/a><\/p>\n<p><a href=\"https:\/\/adeoq.com\/wp-content\/uploads\/2014\/11\/PV-13-avril-2021-ADEOQ.pdf\" class=\"mtli_attachment mtli_pdf\">13 avril 2021<\/a><\/p>\n<p><a href=\"https:\/\/adeoq.com\/wp-content\/uploads\/2014\/11\/PV-7-juin-2021-ADEOQ.pdf\" class=\"mtli_attachment mtli_pdf\">7 juin 2021<\/a><\/p>\n<p>2019-2020<\/p>\n<p><a href=\"https:\/\/adeoq.com\/wp-content\/uploads\/2014\/11\/ADEOQ-PV-aout-2019_2-1.pdf\" class=\"mtli_attachment mtli_pdf\">22 ao\u00fbt 2019<\/a><\/p>\n<p><a href=\"https:\/\/adeoq.com\/wp-content\/uploads\/2014\/11\/PV-ADEOQ-10-10-2019.pdf\" class=\"mtli_attachment mtli_pdf\">10 octobre 2019<\/a><\/p>\n<p><a href=\"https:\/\/adeoq.com\/wp-content\/uploads\/2014\/11\/PV-12-d\u00e9cembre-2019.pdf\" class=\"mtli_attachment mtli_pdf\">12 d\u00e9cembre 2019<\/a><\/p>\n<p><a href=\"https:\/\/adeoq.com\/wp-content\/uploads\/2014\/11\/PV-13-f\u00e9vrier-2020-ADEOQ.pdf\" class=\"mtli_attachment mtli_pdf\">13 f\u00e9vrier 2020<\/a><\/p>\n<p><a href=\"https:\/\/adeoq.com\/wp-content\/uploads\/2014\/11\/PV-23-avril-2020-ADEOQ.pdf\" class=\"mtli_attachment mtli_pdf\">23 avril 2020<\/a><\/p>\n<p><a href=\"https:\/\/adeoq.com\/wp-content\/uploads\/2014\/11\/PV-juin-2020-ADEOQ-1.pdf\" class=\"mtli_attachment mtli_pdf\">5 juin 2020<\/a><\/p>\n<p>2018-2019<\/p>\n<p><a href=\"https:\/\/adeoq.com\/wp-content\/uploads\/2014\/11\/Proc\u00e8s-verbal-17-ao\u00fbt-2018.pdf\" class=\"mtli_attachment mtli_pdf\">17 ao\u00fbt 2018<\/a><\/p>\n<p><a href=\"https:\/\/adeoq.com\/wp-content\/uploads\/2014\/11\/ADEOQ-PV-18-10-11.pdf\" class=\"mtli_attachment mtli_pdf\">11 octobre 2018<\/a><\/p>\n<p><a href=\"https:\/\/adeoq.com\/wp-content\/uploads\/2014\/11\/ADEOQ-proc\u00e8s-verbal-10-d\u00e9cembre-2018-002-version-corrig\u00e9e.pdf\" class=\"mtli_attachment mtli_pdf\">10 d\u00e9cembre 2018<\/a><\/p>\n<p><a href=\"https:\/\/adeoq.com\/wp-content\/uploads\/2014\/11\/ADEOQ-PV-14-02-19.pdf\" class=\"mtli_attachment mtli_pdf\">14 f\u00e9vrier 2019<\/a><\/p>\n<p><a href=\"https:\/\/adeoq.com\/wp-content\/uploads\/2014\/11\/ADEOQ-PV-01-04-19.pdf\" class=\"mtli_attachment mtli_pdf\">1 avril 2019<\/a><\/p>\n<p>2017-2018<\/p>\n<p><a href=\"https:\/\/adeoq.com\/?attachment_id=994\" rel=\"attachment wp-att-994\">18 ao\u00fbt 2017<\/a><\/p>\n<p><a href=\"https:\/\/adeoq.com\/?attachment_id=1052\" rel=\"attachment wp-att-1052\">12 octobre 2017<\/a><\/p>\n<p><a href=\"https:\/\/adeoq.com\/wp-content\/uploads\/2014\/11\/14-d\u00e9cembre-2017-2.pdf\" class=\"mtli_attachment mtli_pdf\">14 d\u00e9cembre 2017<\/a><\/p>\n<p><a href=\"https:\/\/adeoq.com\/wp-content\/uploads\/2014\/11\/ADEOQ-PV-18-02-08.pdf\" class=\"mtli_attachment mtli_pdf\">8 f\u00e9vrier 2018<\/a><\/p>\n<p><a href=\"https:\/\/adeoq.com\/wp-content\/uploads\/2014\/11\/ADEOQ-PV-18-04-09-2.pdf\" class=\"mtli_attachment mtli_pdf\">9 avril 2018<\/a><\/p>\n<p><a href=\"https:\/\/adeoq.com\/wp-content\/uploads\/2014\/11\/ADEOQ-Proc\u00e8s-verbal-18-06-08-1.pdf\" class=\"mtli_attachment mtli_pdf\">8 juin 2018<\/a><\/p>\n<p>2016-2017<\/p>\n<p><a href=\"https:\/\/adeoq.com\/wp-content\/uploads\/2016\/10\/22-ao\u00fbt-2016.pdf\" class=\"mtli_attachment mtli_pdf\">22-aout-2016<\/a><\/p>\n<p><a href=\"https:\/\/adeoq.com\/wp-content\/uploads\/2017\/01\/13-octobre-2016.pdf\" class=\"mtli_attachment mtli_pdf\">13 octobre 2016<\/a><\/p>\n<p><a href=\"https:\/\/adeoq.com\/wp-content\/uploads\/2014\/11\/15-d\u00e9cembre-2016.pdf\" class=\"mtli_attachment mtli_pdf\">15 d\u00e9cembre 2016<\/a><\/p>\n<p><a href=\"https:\/\/adeoq.com\/?attachment_id=897\" rel=\"attachment wp-att-897\">9 f\u00e9vrier 2017<\/a><\/p>\n<p><a href=\"https:\/\/adeoq.com\/?attachment_id=954\" rel=\"attachment wp-att-954\">6 avril 2017<\/a><\/p>\n<p><a href=\"https:\/\/adeoq.com\/wp-content\/uploads\/2014\/11\/ADEOQ-PV-17-06-09.pdf\" class=\"mtli_attachment mtli_pdf\">9 juin 2017<\/a><\/p>\n<p>2015-2016<\/p>\n<p><a href=\"https:\/\/adeoq.com\/wp-content\/uploads\/2016\/02\/21-ao\u00fbt-2015.pdf\" class=\"mtli_attachment mtli_pdf\">21 ao\u00fbt 2015<\/a><\/p>\n<p><a href=\"https:\/\/adeoq.com\/wp-content\/uploads\/2016\/02\/15-octobre-2015.pdf\" class=\"mtli_attachment mtli_pdf\">15 octobre 2015<\/a><\/p>\n<p><a href=\"https:\/\/adeoq.com\/wp-content\/uploads\/2016\/02\/15-d\u00e9cembre-2015.pdf\" class=\"mtli_attachment mtli_pdf\">15 d\u00e9cembre 2015<\/a><\/p>\n<p><a href=\"https:\/\/adeoq.com\/wp-content\/uploads\/2014\/11\/11-f\u00e9vrier-2016.pdf\" class=\"mtli_attachment mtli_pdf\">11 f\u00e9vrier 2016<\/a><\/p>\n<p><a href=\"https:\/\/adeoq.com\/wp-content\/uploads\/2014\/11\/1er-avril-2016.pdf\" class=\"mtli_attachment mtli_pdf\">1er avril 2016<\/a><\/p>\n<p><a href=\"https:\/\/adeoq.com\/wp-content\/uploads\/2014\/11\/9-juin-20161.pdf\" class=\"mtli_attachment mtli_pdf\">9 juin 2016<\/a><\/p>\n<p>2014-2015<\/p>\n<p><a href=\"https:\/\/adeoq.com\/wp-content\/uploads\/2016\/02\/22-ao\u00fbt-2014.pdf\" class=\"mtli_attachment mtli_pdf\">22 ao\u00fbt 2014<\/a><\/p>\n<p><a href=\"https:\/\/adeoq.com\/wp-content\/uploads\/2016\/02\/9-octobre-2014.pdf\" class=\"mtli_attachment mtli_pdf\">9 octobre 2014<\/a><\/p>\n<p><a href=\"https:\/\/adeoq.com\/wp-content\/uploads\/2016\/02\/18-d\u00e9cembre-2014.pdf\" class=\"mtli_attachment mtli_pdf\">18 d\u00e9cembre 2014<\/a><\/p>\n<p><a href=\"https:\/\/adeoq.com\/wp-content\/uploads\/2016\/02\/19-f\u00e9vrier-2015.pdf\" class=\"mtli_attachment mtli_pdf\">19 f\u00e9vrier 2015<\/a><\/p>\n<p><a href=\"https:\/\/adeoq.com\/wp-content\/uploads\/2016\/02\/2-avril-2015.pdf\" class=\"mtli_attachment mtli_pdf\">2 avril 2015<\/a><\/p>\n<p><a href=\"https:\/\/adeoq.com\/wp-content\/uploads\/2016\/02\/11-juin-2015.pdf\" class=\"mtli_attachment mtli_pdf\">11 juin 2015<\/a><\/p>\n<p><span class=\"style1\">2013-2014<\/span><\/p>\n<p><a href=\"https:\/\/adeoq.com\/wp-content\/uploads\/2016\/02\/17-octobre-2013.pdf\" class=\"mtli_attachment mtli_pdf\">17 octobre 2013<\/a><\/p>\n<p><a href=\"https:\/\/adeoq.com\/wp-content\/uploads\/2016\/02\/12-d\u00e9cembre-2013.pdf\" class=\"mtli_attachment mtli_pdf\">12 d\u00e9cembre 2013<\/a><\/p>\n<p><a href=\"https:\/\/adeoq.com\/wp-content\/uploads\/2016\/02\/13-f\u00e9vrier-2014.pdf\" class=\"mtli_attachment mtli_pdf\">13 f\u00e9vrier 2014<\/a><\/p>\n<p><a href=\"https:\/\/adeoq.com\/wp-content\/uploads\/2016\/02\/3-avril-2014.pdf\" class=\"mtli_attachment mtli_pdf\">3 avril 2014<\/a><\/p>\n<p><a href=\"https:\/\/adeoq.com\/wp-content\/uploads\/2016\/02\/14-juin-2014.pdf\" class=\"mtli_attachment mtli_pdf\">14 juin 2014<\/a><\/p>\n<p>2012-2013<\/p>\n<p><span class=\"style3\"><a href=\"https:\/\/adeoq.com\/\/wp-content\/uploads\/2015\/02\/PDF\/PV-CA\/2012-2013\/130625PV.pdf\" class=\"mtli_attachment mtli_pdf\" target=\"_blank\" rel=\"noopener\">Juin 2013<\/a><\/span><\/p>\n<p><span class=\"style3\"><a href=\"https:\/\/adeoq.com\/\/wp-content\/uploads\/2015\/02\/PDF\/PV-CA\/2012-2013\/130418PV.pdf\" class=\"mtli_attachment mtli_pdf\" target=\"_blank\" rel=\"noopener\">Avril 2013<\/a><\/span><\/p>\n<p><a href=\"https:\/\/adeoq.com\/\/wp-content\/uploads\/2015\/02\/PDF\/PV-CA\/2012-2013\/130221PV.pdf\" class=\"mtli_attachment mtli_pdf\" target=\"_blank\" rel=\"noopener\"> F\u00e9vrier 2013<\/a><\/p>\n<p><a href=\"https:\/\/adeoq.com\/\/wp-content\/uploads\/2015\/02\/PDF\/PV-CA\/2012-2013\/121206PV.pdf\" class=\"mtli_attachment mtli_pdf\" target=\"_blank\" rel=\"noopener\"> D\u00e9cembre 2012<\/a><\/p>\n<p><a href=\"https:\/\/adeoq.com\/\/wp-content\/uploads\/2015\/02\/PDF\/PV-CA\/2012-2013\/121018PV.pdf\" class=\"mtli_attachment mtli_pdf\" target=\"_blank\" rel=\"noopener\"> Octobre 2012<\/a><\/p>\n<p><a href=\"https:\/\/adeoq.com\/\/wp-content\/uploads\/2015\/02\/PDF\/PV-CA\/2012-2013\/120815PV.pdf\" class=\"mtli_attachment mtli_pdf\" target=\"_blank\" rel=\"noopener\"> Ao\u00fbt 2012<\/a><\/p>\n<p><span class=\"style1\">2011-2012<\/span><\/p>\n<p><span class=\"style1\">\u00a0<a href=\"https:\/\/adeoq.com\/wp-content\/uploads\/2014\/11\/juin-2012.pdf\" class=\"mtli_attachment mtli_pdf\">juin 2012<\/a><\/span><\/p>\n<p><span class=\"style2 style3\"><a href=\"https:\/\/adeoq.com\/\/wp-content\/uploads\/2015\/02\/PDF\/PV-CA\/2011-2012\/120412PV.pdf\" class=\"mtli_attachment mtli_pdf\">Avril 2012<\/a><\/span><\/p>\n<p><span class=\"style2\"> <a href=\"https:\/\/adeoq.com\/\/wp-content\/uploads\/2015\/02\/PDF\/PV-CA\/2011-2012\/120215pv.pdf\" class=\"mtli_attachment mtli_pdf\" target=\"_blank\" rel=\"noopener\"> F\u00e9vrier 2012<\/a><\/span><\/p>\n<p><span class=\"style2\"> <a href=\"https:\/\/adeoq.com\/\/wp-content\/uploads\/2015\/02\/PDF\/PV-CA\/2011-2012\/111208PV.pdf\" class=\"mtli_attachment mtli_pdf\" target=\"_blank\" rel=\"noopener\"> D\u00e9cembre 2011<\/a><\/span><\/p>\n<p><span class=\"style2\"> <a href=\"https:\/\/adeoq.com\/\/wp-content\/uploads\/2015\/02\/PDF\/PV-CA\/2011-2012\/111020PV.pdf\" class=\"mtli_attachment mtli_pdf\" target=\"_blank\" rel=\"noopener\"> Octobre 2011<\/a><\/span><\/p>\n<p><span class=\"style2\"> <a href=\"https:\/\/adeoq.com\/\/wp-content\/uploads\/2015\/02\/PDF\/PV-CA\/2011-2012\/110830PV.pdf\" class=\"mtli_attachment mtli_pdf\" target=\"_blank\" rel=\"noopener\"> Ao\u00fbt 2011<\/a><\/span><\/p>\n<p><span class=\"style1\">2010-2011<\/span><\/p>\n<p><span class=\"style1\">\u00a0<\/span><span class=\"style2\"><a href=\"https:\/\/adeoq.com\/\/wp-content\/uploads\/2015\/02\/PDF\/PV-CA\/2010-2011\/110609pv.pdf\" class=\"mtli_attachment mtli_pdf\"><span class=\"style3\">Juin 201<\/span>1<\/a><\/span><\/p>\n<p><span class=\"style3\"><a href=\"https:\/\/adeoq.com\/\/wp-content\/uploads\/2015\/02\/PDF\/PV-CA\/2010-2011\/110414pv.pdf\" class=\"mtli_attachment mtli_pdf\">Avril 2011<\/a><\/span><\/p>\n<p><span class=\"style3\"><a href=\"https:\/\/adeoq.com\/\/wp-content\/uploads\/2015\/02\/PDF\/PV-CA\/2010-2011\/110210pv.pdf\" class=\"mtli_attachment mtli_pdf\">F\u00e9vrier 2011<\/a><\/span><\/p>\n<p><span class=\"style3\"><a href=\"https:\/\/adeoq.com\/\/wp-content\/uploads\/2015\/02\/PDF\/PV-CA\/2010-2011\/101209pv.pdf\" class=\"mtli_attachment mtli_pdf\">D\u00e9cembre 2010<\/a><\/span><\/p>\n<p><span class=\"style3\">\u00a0<a href=\"https:\/\/adeoq.com\/wp-content\/uploads\/2014\/11\/octobre-2010.pdf\" class=\"mtli_attachment mtli_pdf\">octobre 2010<\/a><\/span><\/p>\n<p><a href=\"https:\/\/adeoq.com\/\/wp-content\/uploads\/2015\/02\/PDF\/PV-CA\/2010-2011\/100819pv.pdf\" class=\"mtli_attachment mtli_pdf\"><span class=\"style3\">Ao\u00fbt 2010<\/span><\/a><\/p>\n","protected":false},"excerpt":{"rendered":"<p>2025-2026 23 septembre 2025 16 octobre 2025 11 d\u00e9cembre 2025 2024-2025 16 septembre 2024 17 octobre 2024 12 d\u00e9cembre 2024 27 f\u00e9vrier 2025 10 avril 2025 12 juin 2025 2023-2024 1er septembre 2023 26 octobre 2023 15 d\u00e9cembre 2023 22 f\u00e9vrier 2024 1 mai 2024 10 juin 2024 2022-2023 18 ao\u00fbt 2022 13 octobre 2022 [&hellip;]<\/p>\n","protected":false},"author":1,"featured_media":0,"parent":0,"menu_order":0,"comment_status":"open","ping_status":"open","template":"","meta":{"_et_pb_use_builder":"off","_et_pb_old_content":"","_et_gb_content_width":"","footnotes":""},"class_list":["post-161","page","type-page","status-publish","hentry"],"_links":{"self":[{"href":"https:\/\/adeoq.com\/index.php?rest_route=\/wp\/v2\/pages\/161","targetHints":{"allow":["GET"]}}],"collection":[{"href":"https:\/\/adeoq.com\/index.php?rest_route=\/wp\/v2\/pages"}],"about":[{"href":"https:\/\/adeoq.com\/index.php?rest_route=\/wp\/v2\/types\/page"}],"author":[{"embeddable":true,"href":"https:\/\/adeoq.com\/index.php?rest_route=\/wp\/v2\/users\/1"}],"replies":[{"embeddable":true,"href":"https:\/\/adeoq.com\/index.php?rest_route=%2Fwp%2Fv2%2Fcomments&post=161"}],"version-history":[{"count":50,"href":"https:\/\/adeoq.com\/index.php?rest_route=\/wp\/v2\/pages\/161\/revisions"}],"predecessor-version":[{"id":2453,"href":"https:\/\/adeoq.com\/index.php?rest_route=\/wp\/v2\/pages\/161\/revisions\/2453"}],"wp:attachment":[{"href":"https:\/\/adeoq.com\/index.php?rest_route=%2Fwp%2Fv2%2Fmedia&parent=161"}],"curies":[{"name":"wp","href":"https:\/\/api.w.org\/{rel}","templated":true}]}}