{"id":163,"date":"2014-11-19T20:30:58","date_gmt":"2014-11-19T20:30:58","guid":{"rendered":"https:\/\/adeoq.com\/\/?page_id=163"},"modified":"2026-01-14T04:15:00","modified_gmt":"2026-01-14T04:15:00","slug":"ordre-du-jour","status":"publish","type":"page","link":"https:\/\/adeoq.com\/?page_id=163","title":{"rendered":"Ordre du jour"},"content":{"rendered":"<p><strong>2025-2026<\/strong><\/p>\n<p><a href=\"https:\/\/adeoq.com\/wp-content\/uploads\/2025\/09\/ODJ-23-septembre-2025.pdf\" class=\"mtli_attachment mtli_pdf\">23 septembre 2025<\/a><\/p>\n<p><a href=\"https:\/\/adeoq.com\/wp-content\/uploads\/2025\/10\/ODJ-16-octobre-2025.pdf\" class=\"mtli_attachment mtli_pdf\">16 octobre 2025<\/a><\/p>\n<p><a href=\"https:\/\/adeoq.com\/wp-content\/uploads\/2026\/01\/ODJ-11-decembre-2025.pdf\" class=\"mtli_attachment mtli_pdf\">11 d\u00e9cembre 2025<\/a><\/p>\n<p><strong>2024-2025<\/strong><\/p>\n<p><a href=\"https:\/\/adeoq.com\/wp-content\/uploads\/2024\/11\/ODJ-16-septembre-2024.pdf\" class=\"mtli_attachment mtli_pdf\">16 septembre 2024<\/a><\/p>\n<p><a href=\"https:\/\/adeoq.com\/wp-content\/uploads\/2024\/11\/ODJ-17-octobre-2024.pdf\" class=\"mtli_attachment mtli_pdf\">17 octobre 2024<\/a><\/p>\n<p><a href=\"https:\/\/adeoq.com\/wp-content\/uploads\/2025\/01\/ODJ-12-decembre-2024.pdf\" class=\"mtli_attachment mtli_pdf\">12 d\u00e9cembre 2024<\/a><\/p>\n<p><a href=\"https:\/\/adeoq.com\/wp-content\/uploads\/2025\/07\/ODJ-27-fevrier-2025-1.pdf\" class=\"mtli_attachment mtli_pdf\">27 f\u00e9vrier 2025<\/a><\/p>\n<p><a href=\"https:\/\/adeoq.com\/wp-content\/uploads\/2025\/07\/ODJ-10-avril-2025.pdf\" class=\"mtli_attachment mtli_pdf\">10 avril 2025<\/a><\/p>\n<p><a href=\"https:\/\/adeoq.com\/wp-content\/uploads\/2025\/07\/ODJ-12-juin-2025.pdf\" class=\"mtli_attachment mtli_pdf\">12 juin 2025<\/a><\/p>\n<p><strong>2023-2024<\/strong><\/p>\n<p><a href=\"https:\/\/adeoq.com\/wp-content\/uploads\/2024\/05\/ODJ-1er-septembre-2023-ADEOQ.pdf\" class=\"mtli_attachment mtli_pdf\">1er septembre 2023 <\/a><\/p>\n<p><a href=\"https:\/\/adeoq.com\/wp-content\/uploads\/2024\/05\/ODJ-26-octobre-2023-ADEOQ.pdf\" class=\"mtli_attachment mtli_pdf\">26 octobre 2023<\/a><\/p>\n<p><a href=\"https:\/\/adeoq.com\/wp-content\/uploads\/2024\/05\/ODJ-15-decembre-2023-ADEOQ.pdf\" class=\"mtli_attachment mtli_pdf\">15 d\u00e9cembre 2023<\/a><\/p>\n<p><a href=\"https:\/\/adeoq.com\/wp-content\/uploads\/2024\/05\/ODJ-22-fevrier-2024-ADEOQ.pdf\" class=\"mtli_attachment mtli_pdf\">22 f\u00e9vrier 2024<\/a><\/p>\n<p><a href=\"https:\/\/adeoq.com\/wp-content\/uploads\/2024\/05\/ODJ-1-mai-2024_.pdf\" class=\"mtli_attachment mtli_pdf\">1er mai 2024<\/a><\/p>\n<p><a href=\"https:\/\/adeoq.com\/wp-content\/uploads\/2024\/11\/ODJ-10-juin-2024.pdf\" class=\"mtli_attachment mtli_pdf\">10 juin 2024<\/a><\/p>\n<p><strong>2022-2023<\/strong><\/p>\n<p><a href=\"https:\/\/adeoq.com\/wp-content\/uploads\/2014\/11\/ODJ-ao\u00fbt-2022-ADEOQ.pdf\" class=\"mtli_attachment mtli_pdf\">18 ao\u00fbt 2022<\/a><\/p>\n<p><a href=\"https:\/\/adeoq.com\/wp-content\/uploads\/2014\/11\/ODJ-13-octobre-2022.pdf\" class=\"mtli_attachment mtli_pdf\">13 octobre 2022<\/a><\/p>\n<p><a href=\"https:\/\/adeoq.com\/wp-content\/uploads\/2014\/11\/ODJ-8-d\u00e9cembre-2022.pdf\" class=\"mtli_attachment mtli_pdf\">8 d\u00e9cembre 2022<\/a><\/p>\n<p><a href=\"https:\/\/adeoq.com\/wp-content\/uploads\/2014\/11\/ODJ-23-f\u00e9vrier-2023.pdf\" class=\"mtli_attachment mtli_pdf\">23 f\u00e9vrier 2023<\/a><\/p>\n<p><a href=\"https:\/\/adeoq.com\/wp-content\/uploads\/2014\/11\/ODJ-27-avril-2023.pdf\" class=\"mtli_attachment mtli_pdf\">27 avril 2023<\/a><\/p>\n<p><a href=\"https:\/\/adeoq.com\/wp-content\/uploads\/2014\/11\/ADEOQ-ODJ-15-juin-2023.pdf\" class=\"mtli_attachment mtli_pdf\">15 juin 2023<\/a><\/p>\n<p><strong>2021-2022<\/strong><\/p>\n<p><a href=\"https:\/\/adeoq.com\/wp-content\/uploads\/2014\/11\/ODJ-ao\u00fbt-2021-ADEOQ.pdf\" class=\"mtli_attachment mtli_pdf\">19 ao\u00fbt 2021<\/a><\/p>\n<p><a href=\"https:\/\/adeoq.com\/wp-content\/uploads\/2014\/11\/ODJ-14-octobre-2021.pdf\" class=\"mtli_attachment mtli_pdf\">14 octobre 2021<\/a><\/p>\n<p><a href=\"https:\/\/adeoq.com\/wp-content\/uploads\/2014\/11\/ODJ-9-d\u00e9cembre-2021.pdf\" class=\"mtli_attachment mtli_pdf\">9 d\u00e9cembre 2021<\/a><\/p>\n<p><a href=\"https:\/\/adeoq.com\/wp-content\/uploads\/2014\/11\/ODJ-10-f\u00e9vrier-2022.pdf\" class=\"mtli_attachment mtli_pdf\">10 f\u00e9vrier 2022<\/a><\/p>\n<p><a href=\"https:\/\/adeoq.com\/wp-content\/uploads\/2014\/11\/ODJ-20-avril-2022-ADEOQ.pdf\" class=\"mtli_attachment mtli_pdf\">20 avril 2022<\/a><\/p>\n<p><a href=\"https:\/\/adeoq.com\/wp-content\/uploads\/2014\/11\/ODJ-9-juin-2022-ADEOQ.pdf\" class=\"mtli_attachment mtli_pdf\">9 juin 2022<\/a><\/p>\n<p><strong>2020-2021<\/strong><\/p>\n<p><a href=\"https:\/\/adeoq.com\/wp-content\/uploads\/2014\/11\/ODJ-sept-2020-ADEOQ.pdf\" class=\"mtli_attachment mtli_pdf\">18 septembre 2020<\/a><\/p>\n<p><a href=\"https:\/\/adeoq.com\/wp-content\/uploads\/2014\/11\/ODJ-8-octobre-2020-1.pdf\" class=\"mtli_attachment mtli_pdf\">8 octobre 2020<\/a><\/p>\n<p><a href=\"https:\/\/adeoq.com\/wp-content\/uploads\/2014\/11\/ODJ-10-d\u00e9cembre-2020.pdf\" class=\"mtli_attachment mtli_pdf\">10 d\u00e9cembre 2020<\/a><\/p>\n<p><a href=\"https:\/\/adeoq.com\/wp-content\/uploads\/2014\/11\/ODJ-11-f\u00e9vrier-2021-ADEOQ.pdf\" class=\"mtli_attachment mtli_pdf\">11 f\u00e9vrier 2021<\/a><\/p>\n<p><a href=\"https:\/\/adeoq.com\/wp-content\/uploads\/2014\/11\/ODJ-13-avril-2021-ADEOQ.pdf\" class=\"mtli_attachment mtli_pdf\">13 avril 2021<\/a><\/p>\n<p><a href=\"https:\/\/adeoq.com\/wp-content\/uploads\/2014\/11\/ODJ-7-juin-2021-ADEOQ.pdf\" class=\"mtli_attachment mtli_pdf\">7 juin 2021<\/a><\/p>\n<p><strong>2019-2020<\/strong><\/p>\n<p><a href=\"https:\/\/adeoq.com\/wp-content\/uploads\/2014\/11\/Ordre-du-jour-22-ao\u00fbt-2019.pdf\" class=\"mtli_attachment mtli_pdf\">22 ao\u00fbt 2019<\/a><\/p>\n<p><a href=\"https:\/\/adeoq.com\/wp-content\/uploads\/2014\/11\/OJ-CA-ADEOQ-10-10-2019.pdf\" class=\"mtli_attachment mtli_pdf\">10 octobre 2019<\/a><\/p>\n<p><a href=\"https:\/\/adeoq.com\/wp-content\/uploads\/2014\/11\/ODJ-d\u00e9cembre-2019.pdf\" class=\"mtli_attachment mtli_pdf\">12 d\u00e9cembre 2019<\/a><\/p>\n<p><a href=\"https:\/\/adeoq.com\/wp-content\/uploads\/2014\/11\/ODJ-13-f\u00e9vrier-2020-ADEOQ.pdf\" class=\"mtli_attachment mtli_pdf\">13 f\u00e9vrier 2020<\/a><\/p>\n<p><a href=\"https:\/\/adeoq.com\/wp-content\/uploads\/2014\/11\/ODJ-23-avril-2020-ADEOQ.pdf\" class=\"mtli_attachment mtli_pdf\">23 avril 2020<\/a><\/p>\n<p><a href=\"https:\/\/adeoq.com\/wp-content\/uploads\/2014\/11\/ODJ-juin-2020-ADEOQ.pdf\" class=\"mtli_attachment mtli_pdf\"> 5 juin 2020<\/a><\/p>\n<p><strong>2018-2019<\/strong><\/p>\n<p><a href=\"https:\/\/adeoq.com\/wp-content\/uploads\/2014\/11\/Ordre-du-jour-17-ao\u00fbt-2018.pdf\" class=\"mtli_attachment mtli_pdf\">17 ao\u00fbt 2018<\/a><\/p>\n<p><a href=\"https:\/\/adeoq.com\/wp-content\/uploads\/2014\/11\/ODJ-11-octobre-2018-1.pdf\" class=\"mtli_attachment mtli_pdf\">11 octobre 2018<\/a><\/p>\n<p><a href=\"https:\/\/adeoq.com\/wp-content\/uploads\/2014\/11\/ADEOQ-ODJ-10-d\u00e9cembre-2018.pdf\" class=\"mtli_attachment mtli_pdf\">10 d\u00e9cembre 2018<\/a><\/p>\n<p><a href=\"https:\/\/adeoq.com\/wp-content\/uploads\/2014\/11\/Ordre-du-jour-14-f\u00e9vrier-2019.pdf\" class=\"mtli_attachment mtli_pdf\">14 f\u00e9vrier 2019<\/a><\/p>\n<p><a href=\"https:\/\/adeoq.com\/wp-content\/uploads\/2014\/11\/Ordre-du-jour-1er-avril-2019.pdf\" class=\"mtli_attachment mtli_pdf\">1er avril 2019<\/a><\/p>\n<p><a href=\"https:\/\/adeoq.com\/wp-content\/uploads\/2014\/11\/ADEOQ-Ordre-du-jour-19-06-06.pdf\" class=\"mtli_attachment mtli_pdf\">6 juin 2019<\/a><\/p>\n<p><strong>2017-2018<\/strong><\/p>\n<p><a href=\"https:\/\/adeoq.com\/?attachment_id=988\" rel=\"attachment wp-att-988\">18 ao\u00fbt 2017<\/a><\/p>\n<p><a href=\"https:\/\/adeoq.com\/?attachment_id=1034\" rel=\"attachment wp-att-1034\">12 octobre 2017<\/a><\/p>\n<p><a href=\"https:\/\/adeoq.com\/?attachment_id=1055\" rel=\"attachment wp-att-1055\">14 d\u00e9cembre 2017<\/a><\/p>\n<p><a href=\"https:\/\/adeoq.com\/wp-content\/uploads\/2014\/11\/8-f\u00e9vrier-2018.pdf\" class=\"mtli_attachment mtli_pdf\">8 f\u00e9vrier 2018<\/a><\/p>\n<p><a href=\"https:\/\/adeoq.com\/wp-content\/uploads\/2014\/11\/Ordre-du-jourjoindre-ordre-du-jour.pdf\" class=\"mtli_attachment mtli_pdf\">9 avril 2018<\/a><\/p>\n<p><a href=\"https:\/\/adeoq.com\/wp-content\/uploads\/2014\/11\/ADEOQ-Ordre-du-jour-18-06-08.pdf\" class=\"mtli_attachment mtli_pdf\">8 juin 2018<\/a><\/p>\n<p><strong>2016-2017<\/strong><\/p>\n<p><a href=\"https:\/\/adeoq.com\/wp-content\/uploads\/2014\/11\/ao\u00fbt-2016.pdf\" class=\"mtli_attachment mtli_pdf\">ao\u00fbt 2016<\/a><\/p>\n<p><a href=\"https:\/\/adeoq.com\/wp-content\/uploads\/2016\/10\/octobre-2016-.pdf\" class=\"mtli_attachment mtli_pdf\">octobre-2016<\/a><\/p>\n<p><a href=\"https:\/\/adeoq.com\/wp-content\/uploads\/2014\/11\/D\u00e9cembre-2016.pdf\" class=\"mtli_attachment mtli_pdf\">D\u00e9cembre 2016<\/a><\/p>\n<p><a href=\"https:\/\/adeoq.com\/?attachment_id=957\" rel=\"attachment wp-att-957\">9 f\u00e9vrier 2017<\/a><\/p>\n<p><a href=\"https:\/\/adeoq.com\/?attachment_id=913\" rel=\"attachment wp-att-913\">avril 2017<\/a><\/p>\n<p><a href=\"https:\/\/adeoq.com\/?attachment_id=958\" rel=\"attachment wp-att-958\">9 juin 2017<\/a><\/p>\n<p><strong>2015-2016<\/strong><\/p>\n<p><a href=\"https:\/\/adeoq.com\/wp-content\/uploads\/2014\/11\/ao\u00fbt-2015.pdf\" class=\"mtli_attachment mtli_pdf\">ao\u00fbt 2015<\/a><\/p>\n<p><a href=\"https:\/\/adeoq.com\/wp-content\/uploads\/2014\/11\/octobre-2015.pdf\" class=\"mtli_attachment mtli_pdf\">octobre 2015<\/a><\/p>\n<p><a href=\"https:\/\/adeoq.com\/wp-content\/uploads\/2014\/11\/d\u00e9cembre-2015.pdf\" class=\"mtli_attachment mtli_pdf\">d\u00e9cembre 2015<\/a><\/p>\n<p><a href=\"https:\/\/adeoq.com\/wp-content\/uploads\/2014\/11\/f\u00e9vrier-2016.pdf\" class=\"mtli_attachment mtli_pdf\">f\u00e9vrier 2016<\/a><\/p>\n<p><a href=\"https:\/\/adeoq.com\/wp-content\/uploads\/2014\/11\/1er-avril-20161.pdf\" class=\"mtli_attachment mtli_pdf\">1er avril 2016<\/a><\/p>\n<p><a href=\"https:\/\/adeoq.com\/wp-content\/uploads\/2014\/11\/9-juin-2016.pdf\" class=\"mtli_attachment mtli_pdf\">9 juin 2016<\/a><\/p>\n<p><strong>2014-2015<\/strong><\/p>\n<p><a href=\"https:\/\/adeoq.com\/wp-content\/uploads\/2014\/11\/ao\u00fbt-2014.pdf\" class=\"mtli_attachment mtli_pdf\">ao\u00fbt 2014<\/a><\/p>\n<p><a href=\"https:\/\/adeoq.com\/wp-content\/uploads\/2014\/11\/octobre-2014.pdf\" class=\"mtli_attachment mtli_pdf\">octobre 2014<\/a><\/p>\n<p><a href=\"https:\/\/adeoq.com\/wp-content\/uploads\/2014\/11\/d\u00e9cembre-2014.pdf\" class=\"mtli_attachment mtli_pdf\">d\u00e9cembre 2014<\/a><\/p>\n<p><a href=\"https:\/\/adeoq.com\/wp-content\/uploads\/2014\/11\/f\u00e9vrier-2015.pdf\" class=\"mtli_attachment mtli_pdf\">f\u00e9vrier 2015<\/a><\/p>\n<p><a href=\"https:\/\/adeoq.com\/wp-content\/uploads\/2014\/11\/avril-2015.pdf\" class=\"mtli_attachment mtli_pdf\">avril 2015<\/a><\/p>\n<p><a href=\"https:\/\/adeoq.com\/wp-content\/uploads\/2014\/11\/juin-2015.pdf\" class=\"mtli_attachment mtli_pdf\">juin 2015<\/a><\/p>\n<p>2013-2014<\/p>\n<p><a href=\"https:\/\/adeoq.com\/wp-content\/uploads\/2014\/11\/ao\u00fbt-2013.pdf\" class=\"mtli_attachment mtli_pdf\">ao\u00fbt 2013<\/a><\/p>\n<p><a href=\"https:\/\/adeoq.com\/wp-content\/uploads\/2014\/11\/octobre-2013.pdf\" class=\"mtli_attachment mtli_pdf\">octobre 2013<\/a><\/p>\n<p><a href=\"https:\/\/adeoq.com\/wp-content\/uploads\/2014\/11\/d\u00e9cembre-2013.pdf\" class=\"mtli_attachment mtli_pdf\">d\u00e9cembre 2013<\/a><\/p>\n<p><a href=\"https:\/\/adeoq.com\/wp-content\/uploads\/2014\/11\/f\u00e9vrier-2014.pdf\" class=\"mtli_attachment mtli_pdf\">f\u00e9vrier 2014<\/a><\/p>\n<p><a href=\"https:\/\/adeoq.com\/wp-content\/uploads\/2014\/11\/avril-2014.pdf\" class=\"mtli_attachment mtli_pdf\">avril 2014<\/a><\/p>\n<p><a href=\"https:\/\/adeoq.com\/wp-content\/uploads\/2014\/11\/juin-2014.pdf\" class=\"mtli_attachment mtli_pdf\">juin 2014<\/a><\/p>\n<p>2012-2013<\/p>\n<p><a href=\"https:\/\/adeoq.com\/wp-content\/uploads\/2014\/11\/ao\u00fbt-2012.pdf\" class=\"mtli_attachment mtli_pdf\">ao\u00fbt 2012<\/a><\/p>\n<p><a href=\"https:\/\/adeoq.com\/wp-content\/uploads\/2014\/11\/octobre-2012.pdf\" class=\"mtli_attachment mtli_pdf\">octobre 2012<\/a><\/p>\n<p><a href=\"https:\/\/adeoq.com\/wp-content\/uploads\/2014\/11\/d\u00e9cembre-2012.pdf\" class=\"mtli_attachment mtli_pdf\">d\u00e9cembre 2012<\/a><\/p>\n<p><a href=\"https:\/\/adeoq.com\/wp-content\/uploads\/2014\/11\/f\u00e9vrier-2013.pdf\" class=\"mtli_attachment mtli_pdf\">f\u00e9vrier 2013<\/a><\/p>\n<p><a href=\"https:\/\/adeoq.com\/wp-content\/uploads\/2014\/11\/avril-2013.pdf\" class=\"mtli_attachment mtli_pdf\">avril 2013<\/a><\/p>\n<p><a href=\"https:\/\/adeoq.com\/wp-content\/uploads\/2014\/11\/juin-2013.pdf\" class=\"mtli_attachment mtli_pdf\">juin 2013<\/a><\/p>\n<p>2011-2012<\/p>\n<p><a href=\"https:\/\/adeoq.com\/wp-content\/uploads\/2014\/11\/ao\u00fbt-2011.pdf\" class=\"mtli_attachment mtli_pdf\">ao\u00fbt 2011<\/a><\/p>\n<p><a href=\"https:\/\/adeoq.com\/wp-content\/uploads\/2014\/11\/octobre-2011.pdf\" class=\"mtli_attachment mtli_pdf\">octobre 2011<\/a><\/p>\n<p><a href=\"https:\/\/adeoq.com\/wp-content\/uploads\/2014\/11\/d\u00e9cembre-2011.pdf\" class=\"mtli_attachment mtli_pdf\">d\u00e9cembre 2011<\/a><\/p>\n<p><a href=\"https:\/\/adeoq.com\/wp-content\/uploads\/2014\/11\/f\u00e9vrier-2012.pdf\" class=\"mtli_attachment mtli_pdf\">f\u00e9vrier 2012<\/a><\/p>\n<p><a href=\"https:\/\/adeoq.com\/wp-content\/uploads\/2014\/11\/avril-2012.pdf\" class=\"mtli_attachment mtli_pdf\">avril 2012<\/a><\/p>\n<p><a href=\"https:\/\/adeoq.com\/wp-content\/uploads\/2014\/11\/juin-2012.pdf\" class=\"mtli_attachment mtli_pdf\">juin 2012<\/a><\/p>\n","protected":false},"excerpt":{"rendered":"<p>2025-2026 23 septembre 2025 16 octobre 2025 11 d\u00e9cembre 2025 2024-2025 16 septembre 2024 17 octobre 2024 12 d\u00e9cembre 2024 27 f\u00e9vrier 2025 10 avril 2025 12 juin 2025 2023-2024 1er septembre 2023 26 octobre 2023 15 d\u00e9cembre 2023 22 f\u00e9vrier 2024 1er mai 2024 10 juin 2024 2022-2023 18 ao\u00fbt 2022 13 octobre 2022 [&hellip;]<\/p>\n","protected":false},"author":1,"featured_media":0,"parent":0,"menu_order":0,"comment_status":"open","ping_status":"open","template":"","meta":{"_et_pb_use_builder":"off","_et_pb_old_content":"","_et_gb_content_width":"","footnotes":""},"class_list":["post-163","page","type-page","status-publish","hentry"],"_links":{"self":[{"href":"https:\/\/adeoq.com\/index.php?rest_route=\/wp\/v2\/pages\/163","targetHints":{"allow":["GET"]}}],"collection":[{"href":"https:\/\/adeoq.com\/index.php?rest_route=\/wp\/v2\/pages"}],"about":[{"href":"https:\/\/adeoq.com\/index.php?rest_route=\/wp\/v2\/types\/page"}],"author":[{"embeddable":true,"href":"https:\/\/adeoq.com\/index.php?rest_route=\/wp\/v2\/users\/1"}],"replies":[{"embeddable":true,"href":"https:\/\/adeoq.com\/index.php?rest_route=%2Fwp%2Fv2%2Fcomments&post=163"}],"version-history":[{"count":36,"href":"https:\/\/adeoq.com\/index.php?rest_route=\/wp\/v2\/pages\/163\/revisions"}],"predecessor-version":[{"id":2433,"href":"https:\/\/adeoq.com\/index.php?rest_route=\/wp\/v2\/pages\/163\/revisions\/2433"}],"wp:attachment":[{"href":"https:\/\/adeoq.com\/index.php?rest_route=%2Fwp%2Fv2%2Fmedia&parent=163"}],"curies":[{"name":"wp","href":"https:\/\/api.w.org\/{rel}","templated":true}]}}