{"id":214,"date":"2014-11-19T20:46:16","date_gmt":"2014-11-19T20:46:16","guid":{"rendered":"https:\/\/adeoq.com\/\/?page_id=214"},"modified":"2015-02-05T02:18:50","modified_gmt":"2015-02-05T02:18:50","slug":"reconnaissance","status":"publish","type":"page","link":"https:\/\/adeoq.com\/?page_id=214","title":{"rendered":"Reconnaissance"},"content":{"rendered":"<p>Dans le cadre de son congr\u00e8s bisannuel, l\u2019Association de directrices et directeurs d\u2019\u00e9tablissement d\u2019enseignement de l\u2019Outaouais qu\u00e9b\u00e9cois remet une d\u00e9coration \u00e0 un ou deux, exceptionnellement trois, de ses membres qui se sont fait valoir par leur travail exceptionnel pour l\u2019Association et la profession en g\u00e9n\u00e9ral. Chaque unit\u00e9 d\u00e9sirant voir un de ses membres r\u00e9compens\u00e9 doit pr\u00e9senter sa candidature au vice-pr\u00e9sident ou \u00e0 la vice-pr\u00e9sidente aux affaires professionnelles en compl\u00e9tant le document \u00e0 cet effet . On doit y retrouver toutes les actions qui peuvent motiver un tel honneur. La recommandation doit \u00eatre sign\u00e9e par le coordonnateur ou la coordonatrice de l\u2019unit\u00e9 et remise lors de la r\u00e9union du Conseil d\u2019administration qui pr\u00e9c\u00e8de le congr\u00e8s de l\u2019ADEOQ.<\/p>\n","protected":false},"excerpt":{"rendered":"<p>Dans le cadre de son congr\u00e8s bisannuel, l\u2019Association de directrices et directeurs d\u2019\u00e9tablissement d\u2019enseignement de l\u2019Outaouais qu\u00e9b\u00e9cois remet une d\u00e9coration \u00e0 un ou deux, exceptionnellement trois, de ses membres qui se sont fait valoir par leur travail exceptionnel pour l\u2019Association et la profession en g\u00e9n\u00e9ral. Chaque unit\u00e9 d\u00e9sirant voir un de ses membres r\u00e9compens\u00e9 doit [&hellip;]<\/p>\n","protected":false},"author":1,"featured_media":0,"parent":0,"menu_order":0,"comment_status":"open","ping_status":"open","template":"","meta":{"_et_pb_use_builder":"","_et_pb_old_content":"","_et_gb_content_width":"","footnotes":""},"class_list":["post-214","page","type-page","status-publish","hentry"],"_links":{"self":[{"href":"https:\/\/adeoq.com\/index.php?rest_route=\/wp\/v2\/pages\/214","targetHints":{"allow":["GET"]}}],"collection":[{"href":"https:\/\/adeoq.com\/index.php?rest_route=\/wp\/v2\/pages"}],"about":[{"href":"https:\/\/adeoq.com\/index.php?rest_route=\/wp\/v2\/types\/page"}],"author":[{"embeddable":true,"href":"https:\/\/adeoq.com\/index.php?rest_route=\/wp\/v2\/users\/1"}],"replies":[{"embeddable":true,"href":"https:\/\/adeoq.com\/index.php?rest_route=%2Fwp%2Fv2%2Fcomments&post=214"}],"version-history":[{"count":3,"href":"https:\/\/adeoq.com\/index.php?rest_route=\/wp\/v2\/pages\/214\/revisions"}],"predecessor-version":[{"id":259,"href":"https:\/\/adeoq.com\/index.php?rest_route=\/wp\/v2\/pages\/214\/revisions\/259"}],"wp:attachment":[{"href":"https:\/\/adeoq.com\/index.php?rest_route=%2Fwp%2Fv2%2Fmedia&parent=214"}],"curies":[{"name":"wp","href":"https:\/\/api.w.org\/{rel}","templated":true}]}}