{"id":77,"date":"2014-11-19T18:23:25","date_gmt":"2014-11-19T18:23:25","guid":{"rendered":"https:\/\/adeoq.com\/\/?page_id=77"},"modified":"2017-10-25T00:16:04","modified_gmt":"2017-10-25T00:16:04","slug":"nous-joindre","status":"publish","type":"page","link":"https:\/\/adeoq.com\/?page_id=77","title":{"rendered":"Nous joindre"},"content":{"rendered":"<p>[et_pb_section][et_pb_row][et_pb_column type=\u00a0\u00bb4_4&Prime;][et_pb_contact_form admin_label=\u00a0\u00bbcontact\u00a0\u00bb captcha=\u00a0\u00bboff\u00a0\u00bb email=\u00a0\u00bbadeoq@videotron.ca\u00a0\u00bb title=\u00a0\u00bbEnvoyez-nous un message\u00a0\u00bb \/][et_pb_text admin_label=\u00a0\u00bbText\u00a0\u00bb background_layout=\u00a0\u00bblight\u00a0\u00bb text_orientation=\u00a0\u00bbleft\u00a0\u00bb]<\/p>\n<h3><strong><span class=\"style1\"><span style=\"text-decoration: underline;\">ADEOQ<\/span><\/span><\/strong><\/h3>\n<p><span style=\"text-decoration: underline;\"><em><strong>Notre adresse postale<\/strong><\/em><\/span>\u00a0:<br \/>\n2310, rue Saint-Louis, C.P. 81046, Gatineau (Qu\u00e9bec) J8T 8K1<\/p>\n<p><span style=\"text-decoration: underline;\"><em><strong>Messagerie<\/strong><\/em><\/span> : <a href=\"mailto:adeoq@videotron.ca\">adeoq@videotron.ca<\/a><\/p>\n<p>&nbsp;<\/p>\n<p>&nbsp;<\/p>\n<h3><strong><span class=\"style1\">AQDERO<\/span><\/strong><\/h3>\n<p><a href=\"http:\/\/www.aqderoutaouais.com\">http:\/\/www.aqderoutaouais.com\u00a0<\/a><\/p>\n<p><a href=\"http:\/\/www.aqder.ca\/\">http:\/\/www.aqder.ca\/<\/a><\/p>\n<p>&nbsp;<\/p>\n<p>&nbsp;<\/p>\n<h3>\u00a0<strong><span style=\"text-decoration: underline;\">FQDE<\/span><\/strong><\/h3>\n<p>7855, boul. L.H. Lafontaine, Suite 100<br \/>\nAnjou (Qu\u00e9bec) H1K 4E4<br \/>\nT\u00e9l\u00e9phone : 1 800 361-4258<br \/>\nT\u00e9l\u00e9copieur : 1 514 353-2064<br \/>\nMessagerie : <a href=\"mailto:info@fqde.qc.ca\">info@fqde.qc.ca<\/a><\/p>\n<p>[\/et_pb_text][\/et_pb_column][\/et_pb_row][\/et_pb_section]<\/p>\n","protected":false},"excerpt":{"rendered":"<p><div class=\"et_pb_section et_pb_section_0 et_section_regular\" >\n\t\t\t\t\n\t\t\t\t\n\t\t\t\t\n\t\t\t\t\n\t\t\t\t\n\t\t\t\t\n\t\t\t\t\n\t\t\t\t\n\t\t\t\t\n\t\t\t<\/div><div class=\"et_pb_row et_pb_row_0 et_pb_row_empty\">\n\t\t\t\t\n\t\t\t\t\n\t\t\t\t\n\t\t\t\t\n\t\t\t\t\n\t\t\t<\/div> ADEOQ Notre adresse postale\u00a0: 2310, rue Saint-Louis, C.P. 81046, Gatineau (Qu\u00e9bec) J8T 8K1 Messagerie : adeoq@videotron.ca &nbsp; &nbsp; AQDERO http:\/\/www.aqderoutaouais.com\u00a0 http:\/\/www.aqder.ca\/ &nbsp; &nbsp; \u00a0FQDE 7855, boul. L.H. Lafontaine, Suite 100 Anjou (Qu\u00e9bec) H1K 4E4 T\u00e9l\u00e9phone : 1 800 361-4258 T\u00e9l\u00e9copieur : 1 514 353-2064 Messagerie : info@fqde.qc.ca<\/p>\n","protected":false},"author":1,"featured_media":0,"parent":0,"menu_order":0,"comment_status":"open","ping_status":"open","template":"","meta":{"_et_pb_use_builder":"on","_et_pb_old_content":"","_et_gb_content_width":"","footnotes":""},"class_list":["post-77","page","type-page","status-publish","hentry"],"_links":{"self":[{"href":"https:\/\/adeoq.com\/index.php?rest_route=\/wp\/v2\/pages\/77","targetHints":{"allow":["GET"]}}],"collection":[{"href":"https:\/\/adeoq.com\/index.php?rest_route=\/wp\/v2\/pages"}],"about":[{"href":"https:\/\/adeoq.com\/index.php?rest_route=\/wp\/v2\/types\/page"}],"author":[{"embeddable":true,"href":"https:\/\/adeoq.com\/index.php?rest_route=\/wp\/v2\/users\/1"}],"replies":[{"embeddable":true,"href":"https:\/\/adeoq.com\/index.php?rest_route=%2Fwp%2Fv2%2Fcomments&post=77"}],"version-history":[{"count":10,"href":"https:\/\/adeoq.com\/index.php?rest_route=\/wp\/v2\/pages\/77\/revisions"}],"predecessor-version":[{"id":1019,"href":"https:\/\/adeoq.com\/index.php?rest_route=\/wp\/v2\/pages\/77\/revisions\/1019"}],"wp:attachment":[{"href":"https:\/\/adeoq.com\/index.php?rest_route=%2Fwp%2Fv2%2Fmedia&parent=77"}],"curies":[{"name":"wp","href":"https:\/\/api.w.org\/{rel}","templated":true}]}}